{"id":12,"date":"2020-03-10T19:49:08","date_gmt":"2020-03-10T18:49:08","guid":{"rendered":"https:\/\/bacau-vechta.de\/?page_id=12"},"modified":"2022-11-02T17:15:54","modified_gmt":"2022-11-02T16:15:54","slug":"start","status":"publish","type":"page","link":"https:\/\/bacau-vechta.de\/ro\/","title":{"rendered":"Start"},"content":{"rendered":"<p>[et_pb_section fb_built=&#8220;1&#8243; _builder_version=&#8220;4.4.8&#8243; background_color=&#8220;rgba(51,51,51,0.7)&#8220; background_image=&#8220;https:\/\/bacau-vechta.de\/wp-content\/uploads\/2020\/04\/hand-in-hand-header.jpg&#8220; background_blend=&#8220;overlay&#8220; custom_padding=&#8220;170px||170px||true|&#8220;][et_pb_row _builder_version=&#8220;4.4.2&#8243; custom_padding=&#8220;||0px|||&#8220;][et_pb_column type=&#8220;4_4&#8243; _builder_version=&#8220;4.4.2&#8243;][et_pb_text _builder_version=&#8220;4.9.7&#8243; text_text_color=&#8220;#ffffff&#8220; text_font_size=&#8220;19px&#8220; header_text_align=&#8220;center&#8220; header_text_color=&#8220;#ffffff&#8220; header_font_size=&#8220;45px&#8220; text_orientation=&#8220;center&#8220; hover_enabled=&#8220;0&#8243; header_font=&#8220;||||||||&#8220; text_font=&#8220;||||||||&#8220; sticky_enabled=&#8220;0&#8243;]<\/p>\n<h1>Hand in Hand e.V.<\/h1>\n<p><span>Gemeinsam helfen wir,\u00a0<\/span>bessere Lebensverh\u00e4ltnisse in Rum\u00e4nien zu schaffen.<br \/>Alles ist m\u00f6glich, durch den Einsatz vieler ehrenamtlicher Helfer.<\/p>\n<p>[\/et_pb_text][\/et_pb_column][\/et_pb_row][et_pb_row _builder_version=&#8220;4.4.2&#8243;][et_pb_column type=&#8220;4_4&#8243; _builder_version=&#8220;4.4.2&#8243;][et_pb_divider color=&#8220;#fbd118&#8243; divider_position=&#8220;center&#8220; divider_weight=&#8220;6px&#8220; _builder_version=&#8220;4.4.1&#8243; width=&#8220;40%&#8220; module_alignment=&#8220;center&#8220;][\/et_pb_divider][et_pb_button button_url=&#8220;@ET-DC@eyJkeW5hbWljIjp0cnVlLCJjb250ZW50IjoicG9zdF9saW5rX3VybF9wYWdlIiwic2V0dGluZ3MiOnsicG9zdF9pZCI6IjMyIn19@&#8220; button_text=&#8220;Mehr zur Zusammenarbeit&#8220; button_alignment=&#8220;center&#8220; _builder_version=&#8220;4.4.2&#8243; _dynamic_attributes=&#8220;button_url&#8220;][\/et_pb_button][\/et_pb_column][\/et_pb_row][\/et_pb_section][et_pb_section fb_built=&#8220;1&#8243; _builder_version=&#8220;4.4.0&#8243;][et_pb_row _builder_version=&#8220;4.9.0&#8243; _module_preset=&#8220;default&#8220;][et_pb_column type=&#8220;4_4&#8243; _builder_version=&#8220;4.9.0&#8243; _module_preset=&#8220;default&#8220;][et_pb_text _builder_version=&#8220;4.9.7&#8243; _module_preset=&#8220;default&#8220; hover_enabled=&#8220;0&#8243; sticky_enabled=&#8220;0&#8243;]<\/p>\n<h3>Bac\u0103u-Vechta Hand in Hand e.V.<\/h3>\n<p>Noi suntem o Asocia\u021bie non-profit cu sediul \u00een Vechta. O m\u00e2n\u0103 de oameni dispus\u0103 oric\u00e2nd s\u0103 ajute. Obiectivul nostru principal e s\u0103 ajut\u0103m copii, tineri \u0219i familii interesate s\u0103 se integreze, s\u0103 \u00eenve\u021be limba german\u0103 \u0219i s\u0103 se specializeze \u00een diferite meserii \u00een regiunea noastr\u0103.<br \/>Organiz\u0103m transportul de bunuri, mobil\u0103, obiecte vestimentare, aparatur\u0103 medical\u0103 \u0219i alte obiecte necesare \u00een Rom\u00e2nia care \u00een colaborare cu Asocia\u021bia Together Germany ajung la tineri, familii \u0219i diferite proiecte din zona Moldovei, precum \u0219i ajutoare financiare.<br \/>\u00cen Rom\u00e2nia ajut\u0103m \u0219i colabor\u0103m cu Centrul de zi Gioseni, Casa de copii Sf\u00e2nta Maria Bara\u021bi \u0219i Caritas Bac\u0103u.<br \/>Dac\u0103 vrei s\u0103 faci parte din mica noastr\u0103 \u201eechip\u0103\u201c, po\u021bi devenii \u0219i tu membru asocia\u021biei noastre s\u0103 \u00eentindem o m\u00e2n\u0103 de ajutor celor care au nevoie.<br \/>Doar \u00eempreun\u0103 putem face fapte m\u0103re\u021be! M\u00e2n\u0103 \u00een m\u00e2n\u0103 pentru o lume mai bun\u0103!<\/p>\n<p>[\/et_pb_text][\/et_pb_column][\/et_pb_row][et_pb_row column_structure=&#8220;1_2,1_2&#8243; _builder_version=&#8220;4.4.0&#8243; custom_padding=&#8220;||0px|||&#8220;][et_pb_column type=&#8220;1_2&#8243; _builder_version=&#8220;4.4.0&#8243;][et_pb_image src=&#8220;https:\/\/bacau-vechta.de\/wp-content\/uploads\/2020\/03\/together-romania.png&#8220; _builder_version=&#8220;4.4.2&#8243;][\/et_pb_image][\/et_pb_column][et_pb_column type=&#8220;1_2&#8243; _builder_version=&#8220;4.4.0&#8243;][et_pb_text _builder_version=&#8220;4.4.8&#8243; header_2_font_size=&#8220;30px&#8220;]<\/p>\n<h2>Was wir machen<\/h2>\n<p>Gemeinsam mit unserem <strong>Partnerverein &#8222;Together&#8220;<\/strong> in Rum\u00e4nien, setzen wir uns daf\u00fcr ein, bessere Lebensverh\u00e4ltnisse in Rum\u00e4nien zu schaffen. Obwohl der Wohlstand in Rum\u00e4nien zunimmt, sind viele Kinder, Familien und junge Erwachsene auf Unterst\u00fctzung angewiesen. Dabei konzentrieren wir uns auf die Stadt\u00a0Bac<span>\u0103u<\/span> und die Region darum herum.<\/p>\n<p>Unsere Unterst\u00fctzungen sind in erster Linie materielle Spenden. In Einzelf\u00e4llen unterst\u00fctzen wir Familien und junge Erwachsene auch finanziell.<\/p>\n<p>&nbsp;<\/p>\n<p>[\/et_pb_text][\/et_pb_column][\/et_pb_row][\/et_pb_section][et_pb_section fb_built=&#8220;1&#8243; _builder_version=&#8220;4.4.3&#8243; background_color=&#8220;rgba(51,51,51,0.1)&#8220;][et_pb_row _builder_version=&#8220;4.4.3&#8243; custom_padding=&#8220;||0px|||&#8220;][et_pb_column type=&#8220;4_4&#8243; _builder_version=&#8220;4.4.3&#8243;][et_pb_text _builder_version=&#8220;4.4.3&#8243; header_3_font_size=&#8220;26px&#8220; custom_margin=&#8220;||0px||false|false&#8220;]<\/p>\n<h3>Aktuelles aus dem Verein<\/h3>\n<p>[\/et_pb_text][et_pb_divider color=&#8220;#fbd118&#8243; divider_weight=&#8220;6px&#8220; _builder_version=&#8220;4.4.3&#8243; width=&#8220;40%&#8220;][\/et_pb_divider][\/et_pb_column][\/et_pb_row][et_pb_row _builder_version=&#8220;4.4.3&#8243;][et_pb_column type=&#8220;4_4&#8243; _builder_version=&#8220;4.4.3&#8243;][et_pb_blog fullwidth=&#8220;off&#8220; include_categories=&#8220;all&#8220; use_manual_excerpt=&#8220;off&#8220; show_author=&#8220;off&#8220; show_categories=&#8220;off&#8220; show_excerpt=&#8220;off&#8220; show_pagination=&#8220;off&#8220; _builder_version=&#8220;4.5.6&#8243;][\/et_pb_blog][\/et_pb_column][\/et_pb_row][\/et_pb_section]<\/p>","protected":false},"excerpt":{"rendered":"<p>Hand in Hand e.V. Gemeinsam helfen wir,\u00a0bessere Lebensverh\u00e4ltnisse in Rum\u00e4nien zu schaffen.Alles ist m\u00f6glich, durch den Einsatz vieler ehrenamtlicher Helfer.Bac\u0103u-Vechta Hand in Hand e.V. Noi suntem o Asocia\u021bie non-profit cu sediul \u00een Vechta. O m\u00e2n\u0103 de oameni dispus\u0103 oric\u00e2nd s\u0103 ajute. Obiectivul nostru principal e s\u0103 ajut\u0103m copii, tineri \u0219i familii interesate s\u0103 se integreze, [&hellip;]<\/p>","protected":false},"author":1,"featured_media":0,"parent":0,"menu_order":0,"comment_status":"closed","ping_status":"closed","template":"","meta":{"_et_pb_use_builder":"on","_et_pb_old_content":"<!-- wp:divi\/placeholder \/-->","_et_gb_content_width":""},"yoast_head":"<!-- This site is optimized with the Yoast SEO plugin v21.1 - https:\/\/yoast.com\/wordpress\/plugins\/seo\/ -->\n<title>Bac\u0103u-Vechta, Hand in Hand e.V.<\/title>\n<meta name=\"description\" content=\"Gemeinsam helfen wir, bessere Lebensverh\u00e4ltnisse in Rum\u00e4nien zu schaffen. | Bac\u0103u-Vechta, Hand in Hand e.V.\" \/>\n<meta name=\"robots\" content=\"index, follow, max-snippet:-1, max-image-preview:large, max-video-preview:-1\" \/>\n<link rel=\"canonical\" href=\"https:\/\/bacau-vechta.de\/ro\/\" \/>\n<meta property=\"og:locale\" content=\"ro_RO\" \/>\n<meta property=\"og:type\" content=\"article\" \/>\n<meta property=\"og:title\" content=\"Bac\u0103u-Vechta, Hand in Hand e.V.\" \/>\n<meta property=\"og:description\" content=\"Gemeinsam helfen wir, bessere Lebensverh\u00e4ltnisse in Rum\u00e4nien zu schaffen. | Bac\u0103u-Vechta, Hand in Hand e.V.\" \/>\n<meta property=\"og:url\" content=\"https:\/\/bacau-vechta.de\/ro\/\" \/>\n<meta property=\"og:site_name\" content=\"Bacau-Vechta Hand in Hand e.V.\" \/>\n<meta property=\"article:modified_time\" content=\"2022-11-02T16:15:54+00:00\" \/>\n<meta name=\"twitter:card\" content=\"summary_large_image\" \/>\n<meta name=\"twitter:label1\" content=\"Timp estimat pentru citire\" \/>\n\t<meta name=\"twitter:data1\" content=\"3 minute\" \/>\n<script type=\"application\/ld+json\" class=\"yoast-schema-graph\">{\"@context\":\"https:\/\/schema.org\",\"@graph\":[{\"@type\":\"WebPage\",\"@id\":\"https:\/\/bacau-vechta.de\/\",\"url\":\"https:\/\/bacau-vechta.de\/\",\"name\":\"Bac\u0103u-Vechta, Hand in Hand e.V.\",\"isPartOf\":{\"@id\":\"https:\/\/bacau-vechta.de\/#website\"},\"datePublished\":\"2020-03-10T18:49:08+00:00\",\"dateModified\":\"2022-11-02T16:15:54+00:00\",\"description\":\"Gemeinsam helfen wir, bessere Lebensverh\u00e4ltnisse in Rum\u00e4nien zu schaffen. | Bac\u0103u-Vechta, Hand in Hand e.V.\",\"breadcrumb\":{\"@id\":\"https:\/\/bacau-vechta.de\/#breadcrumb\"},\"inLanguage\":\"ro-RO\",\"potentialAction\":[{\"@type\":\"ReadAction\",\"target\":[\"https:\/\/bacau-vechta.de\/\"]}]},{\"@type\":\"BreadcrumbList\",\"@id\":\"https:\/\/bacau-vechta.de\/#breadcrumb\",\"itemListElement\":[{\"@type\":\"ListItem\",\"position\":1,\"name\":\"Startseite\",\"item\":\"https:\/\/bacau-vechta.de\/\"},{\"@type\":\"ListItem\",\"position\":2,\"name\":\"Start\"}]},{\"@type\":\"WebSite\",\"@id\":\"https:\/\/bacau-vechta.de\/#website\",\"url\":\"https:\/\/bacau-vechta.de\/\",\"name\":\"Bacau-Vechta Hand in Hand e.V.\",\"description\":\"Interkulturelle Hilfe\",\"publisher\":{\"@id\":\"https:\/\/bacau-vechta.de\/#organization\"},\"potentialAction\":[{\"@type\":\"SearchAction\",\"target\":{\"@type\":\"EntryPoint\",\"urlTemplate\":\"https:\/\/bacau-vechta.de\/?s={search_term_string}\"},\"query-input\":\"required name=search_term_string\"}],\"inLanguage\":\"ro-RO\"},{\"@type\":\"Organization\",\"@id\":\"https:\/\/bacau-vechta.de\/#organization\",\"name\":\"Bacau-\u200bVechta, Hand in Hand e. V.\",\"url\":\"https:\/\/bacau-vechta.de\/\",\"logo\":{\"@type\":\"ImageObject\",\"inLanguage\":\"ro-RO\",\"@id\":\"https:\/\/bacau-vechta.de\/#\/schema\/logo\/image\/\",\"url\":\"https:\/\/bacau-vechta.de\/wp-content\/uploads\/2020\/03\/hand-in-hand-ev.png\",\"contentUrl\":\"https:\/\/bacau-vechta.de\/wp-content\/uploads\/2020\/03\/hand-in-hand-ev.png\",\"width\":2067,\"height\":572,\"caption\":\"Bacau-\u200bVechta, Hand in Hand e. V.\"},\"image\":{\"@id\":\"https:\/\/bacau-vechta.de\/#\/schema\/logo\/image\/\"}}]}<\/script>\n<!-- \/ Yoast SEO plugin. -->","yoast_head_json":{"title":"Bac\u0103u-Vechta, Hand in Hand e.V.","description":"Gemeinsam helfen wir, bessere Lebensverh\u00e4ltnisse in Rum\u00e4nien zu schaffen. | Bac\u0103u-Vechta, Hand in Hand e.V.","robots":{"index":"index","follow":"follow","max-snippet":"max-snippet:-1","max-image-preview":"max-image-preview:large","max-video-preview":"max-video-preview:-1"},"canonical":"https:\/\/bacau-vechta.de\/ro\/","og_locale":"ro_RO","og_type":"article","og_title":"Bac\u0103u-Vechta, Hand in Hand e.V.","og_description":"Gemeinsam helfen wir, bessere Lebensverh\u00e4ltnisse in Rum\u00e4nien zu schaffen. | Bac\u0103u-Vechta, Hand in Hand e.V.","og_url":"https:\/\/bacau-vechta.de\/ro\/","og_site_name":"Bacau-Vechta Hand in Hand e.V.","article_modified_time":"2022-11-02T16:15:54+00:00","twitter_card":"summary_large_image","twitter_misc":{"Timp estimat pentru citire":"3 minute"},"schema":{"@context":"https:\/\/schema.org","@graph":[{"@type":"WebPage","@id":"https:\/\/bacau-vechta.de\/","url":"https:\/\/bacau-vechta.de\/","name":"Bac\u0103u-Vechta, Hand in Hand e.V.","isPartOf":{"@id":"https:\/\/bacau-vechta.de\/#website"},"datePublished":"2020-03-10T18:49:08+00:00","dateModified":"2022-11-02T16:15:54+00:00","description":"Gemeinsam helfen wir, bessere Lebensverh\u00e4ltnisse in Rum\u00e4nien zu schaffen. | Bac\u0103u-Vechta, Hand in Hand e.V.","breadcrumb":{"@id":"https:\/\/bacau-vechta.de\/#breadcrumb"},"inLanguage":"ro-RO","potentialAction":[{"@type":"ReadAction","target":["https:\/\/bacau-vechta.de\/"]}]},{"@type":"BreadcrumbList","@id":"https:\/\/bacau-vechta.de\/#breadcrumb","itemListElement":[{"@type":"ListItem","position":1,"name":"Startseite","item":"https:\/\/bacau-vechta.de\/"},{"@type":"ListItem","position":2,"name":"Start"}]},{"@type":"WebSite","@id":"https:\/\/bacau-vechta.de\/#website","url":"https:\/\/bacau-vechta.de\/","name":"Bacau-Vechta Hand in Hand e.V.","description":"Interkulturelle Hilfe","publisher":{"@id":"https:\/\/bacau-vechta.de\/#organization"},"potentialAction":[{"@type":"SearchAction","target":{"@type":"EntryPoint","urlTemplate":"https:\/\/bacau-vechta.de\/?s={search_term_string}"},"query-input":"required name=search_term_string"}],"inLanguage":"ro-RO"},{"@type":"Organization","@id":"https:\/\/bacau-vechta.de\/#organization","name":"Bacau-\u200bVechta, Hand in Hand e. V.","url":"https:\/\/bacau-vechta.de\/","logo":{"@type":"ImageObject","inLanguage":"ro-RO","@id":"https:\/\/bacau-vechta.de\/#\/schema\/logo\/image\/","url":"https:\/\/bacau-vechta.de\/wp-content\/uploads\/2020\/03\/hand-in-hand-ev.png","contentUrl":"https:\/\/bacau-vechta.de\/wp-content\/uploads\/2020\/03\/hand-in-hand-ev.png","width":2067,"height":572,"caption":"Bacau-\u200bVechta, Hand in Hand e. V."},"image":{"@id":"https:\/\/bacau-vechta.de\/#\/schema\/logo\/image\/"}}]}},"_links":{"self":[{"href":"https:\/\/bacau-vechta.de\/ro\/wp-json\/wp\/v2\/pages\/12"}],"collection":[{"href":"https:\/\/bacau-vechta.de\/ro\/wp-json\/wp\/v2\/pages"}],"about":[{"href":"https:\/\/bacau-vechta.de\/ro\/wp-json\/wp\/v2\/types\/page"}],"author":[{"embeddable":true,"href":"https:\/\/bacau-vechta.de\/ro\/wp-json\/wp\/v2\/users\/1"}],"replies":[{"embeddable":true,"href":"https:\/\/bacau-vechta.de\/ro\/wp-json\/wp\/v2\/comments?post=12"}],"version-history":[{"count":10,"href":"https:\/\/bacau-vechta.de\/ro\/wp-json\/wp\/v2\/pages\/12\/revisions"}],"predecessor-version":[{"id":822,"href":"https:\/\/bacau-vechta.de\/ro\/wp-json\/wp\/v2\/pages\/12\/revisions\/822"}],"wp:attachment":[{"href":"https:\/\/bacau-vechta.de\/ro\/wp-json\/wp\/v2\/media?parent=12"}],"curies":[{"name":"wp","href":"https:\/\/api.w.org\/{rel}","templated":true}]}}